{"id":9250,"date":"2022-05-09T09:19:11","date_gmt":"2022-05-09T09:19:11","guid":{"rendered":"https:\/\/abogaciaextranjeria.es\/application-for-residence-authorization-for-rooting-without-contract\/"},"modified":"2024-11-12T11:15:29","modified_gmt":"2024-11-12T11:15:29","slug":"application-for-residence-authorization-for-rooting-without-contract","status":"publish","type":"page","link":"https:\/\/abogaciaextranjeria.es\/en\/application-for-residence-authorization-for-rooting-without-contract\/","title":{"rendered":"Application for Residence Authorization for Rooting without Contract"},"content":{"rendered":"\t\t<div data-elementor-type=\"wp-page\" data-elementor-id=\"9250\" class=\"elementor elementor-9250 elementor-6908\" data-elementor-post-type=\"page\">\n\t\t\t\t\t\t<section class=\"elementor-section elementor-top-section elementor-element elementor-element-4abea5f9 elementor-section-boxed elementor-section-height-default elementor-section-height-default\" data-id=\"4abea5f9\" data-element_type=\"section\" data-e-type=\"section\">\n\t\t\t\t\t\t<div class=\"elementor-container elementor-column-gap-default\">\n\t\t\t\t\t<div class=\"elementor-column elementor-col-100 elementor-top-column elementor-element elementor-element-779de95d\" data-id=\"779de95d\" data-element_type=\"column\" data-e-type=\"column\">\n\t\t\t<div class=\"elementor-widget-wrap elementor-element-populated\">\n\t\t\t\t\t\t<div class=\"elementor-element elementor-element-6ca78b95 elementor-widget elementor-widget-heading\" data-id=\"6ca78b95\" data-element_type=\"widget\" data-e-type=\"widget\" data-widget_type=\"heading.default\">\n\t\t\t\t<div class=\"elementor-widget-container\">\n\t\t\t\t\t<h1 class=\"elementor-heading-title elementor-size-default\">Application for Arraigo without Employment Contract<\/h1>\t\t\t\t<\/div>\n\t\t\t\t<\/div>\n\t\t\t\t\t<\/div>\n\t\t<\/div>\n\t\t\t\t\t<\/div>\n\t\t<\/section>\n\t\t\t\t<section class=\"elementor-section elementor-top-section elementor-element elementor-element-3c5df871 elementor-section-boxed elementor-section-height-default elementor-section-height-default\" data-id=\"3c5df871\" data-element_type=\"section\" data-e-type=\"section\">\n\t\t\t\t\t\t<div class=\"elementor-container elementor-column-gap-default\">\n\t\t\t\t\t<div class=\"elementor-column elementor-col-100 elementor-top-column elementor-element elementor-element-23e26e06\" data-id=\"23e26e06\" data-element_type=\"column\" data-e-type=\"column\">\n\t\t\t<div class=\"elementor-widget-wrap elementor-element-populated\">\n\t\t\t\t\t\t<div class=\"elementor-element elementor-element-6a2664f0 elementor-widget elementor-widget-text-editor\" data-id=\"6a2664f0\" data-element_type=\"widget\" data-e-type=\"widget\" data-widget_type=\"text-editor.default\">\n\t\t\t\t<div class=\"elementor-widget-container\">\n\t\t\t\t\t\t\t\t\t<h2>Applying for a Residence Permit for Roots in Spain<\/h2>\n<img fetchpriority=\"high\" decoding=\"async\" class=\"alignleft wp-image-2672\" title=\"lawyer foreigners PFBERNAL entrenchment without contract\" src=\"https:\/\/abogaciaextranjeria.es\/wp-content\/uploads\/2020\/03\/justicia.jpg\" alt=\"applying for a residence permit due to the fact that you have roots in spain  \" width=\"815\" height=\"540\" srcset=\"https:\/\/abogaciaextranjeria.es\/wp-content\/uploads\/2020\/03\/justicia.jpg 450w, https:\/\/abogaciaextranjeria.es\/wp-content\/uploads\/2020\/03\/justicia-300x199.jpg 300w\" sizes=\"(max-width: 815px) 100vw, 815px\" \/>\n\n<p><strong>I) Attention to<\/strong> <a href=\"https:\/\/noticias.juridicas.com\/base_datos\/Admin\/rd557-2011.t5.html#a124\" target=\"_blank\" rel=\"noopener\">Article 123 of RD 557\/2011<\/a>. In accordance with the Ley Org\u00e1nica de Extranjer\u00eda, <a href=\"https:\/\/noticias.juridicas.com\/base_datos\/Admin\/lo4-2000.t2.html#I1244\" target=\"_blank\" rel=\"noopener\">article 31.3 of the Ley Org\u00e1nica 4\/2000, of January 11,<\/a> the authorization for exceptional circumstances due to social roots generally requires a work contract. However, there is the possibility of <strong>applying for social integration without a work contract<\/strong>, which is detailed below:  <\/p>\n\n<p>The most common application is for family dependency, such as father, mother, child, spouse or common-law partner. In these cases, the immigration office will evaluate the economic situation according to the requirements for family reunification. For two members of the family unit, the amount must be 150% of the IPREM (537.84\u20ac in 2020). In addition, 50% of the IPREM is added for each additional member.   <\/p>\n\n<p>When submitting the application, it is necessary to prove the kinship relationship by means of birth, marriage or domestic partnership certificates. A criminal record certificate from the country of origin is also required. All this documentation must be legalized and apostilled. In addition, it is essential to have adequate housing, as this is essential for the approval of the arraigo. A social insertion report is not required.    <\/p>\n\n<p>As for proof of income, the application must be accompanied by an employment contract of the family member with a minimum duration of one year, the income tax return, the last pay slips and the family census registration. The <a href=\"https:\/\/abogaciaextranjeria.es\/permiso-de-trabajo-en-espana\/\" target=\"_blank\" rel=\"noopener\"><strong>residence permit<\/strong><\/a> only authorizes to reside legally. In order to be able to work, it is necessary to modify the residence permit.  <\/p>\n\n<p><strong>II) To request roots for self-employed activity.<\/strong>  It is required to have lived in Spain for three years without interruption. In addition, it is necessary to be in an irregular situation at the time of application and to prove financial means. It is also important to have financing, savings, a business plan and to comply with the activity licenses if required. You must have an authorized premises, administrative authorizations, homologation of qualifications, membership and permits in the case of professional activity. A social insertion report is also required.    <\/p>\n\n<p>Trust in <a href=\"https:\/\/abogaciaextranjeria.es\/en\/\" target=\"_blank\" rel=\"noopener\">Abogac\u00eda Extranjer\u00eda<\/a>. Do not hesitate to <a href=\"https:\/\/abogaciaextranjeria.es\/contacto\/\" target=\"_blank\" rel=\"noopener\">contact us<\/a> for more information. <\/p>\n\n<p>You may be interested in<\/p>\n\n\n<a href=\"https:\/\/abogaciaextranjeria.es\/en\/arraigo-express-residency-application\/\">RESIDENCY DUE TO ROOTS  <\/a>\n\n<figure id=\"attachment_8978\" aria-describedby=\"caption-attachment-8978\" style=\"width: 318px\" class=\"wp-caption alignleft\"><a href=\"https:\/\/abogaciaextranjeria.es\/arraigo-social\/\"><img decoding=\"async\" class=\"wp-image-2674\" title=\"lawyer for foreigners Residence due to roots\" src=\"https:\/\/abogaciaextranjeria.es\/wp-content\/uploads\/2020\/03\/ARRAIGO.jpg\" alt=\"applying for a residence permit due to the fact that you have roots in spain  \" width=\"318\" height=\"216\" srcset=\"https:\/\/abogaciaextranjeria.es\/wp-content\/uploads\/2020\/03\/ARRAIGO.jpg 450w, https:\/\/abogaciaextranjeria.es\/wp-content\/uploads\/2020\/03\/ARRAIGO-300x204.jpg 300w\" sizes=\"(max-width: 318px) 100vw, 318px\" \/><\/a><figcaption id=\"caption-attachment-8978\" class=\"wp-caption-text\">LAWYER FOREIGNERS PFBERNAL PFBERNAL ARRAIGO<\/figcaption><\/figure>\t\t\t\t\t\t\t\t<\/div>\n\t\t\t\t<\/div>\n\t\t\t\t\t<\/div>\n\t\t<\/div>\n\t\t\t\t\t<\/div>\n\t\t<\/section>\n\t\t\t\t<\/div>\n\t\t","protected":false},"excerpt":{"rendered":"<p>Application for Arraigo without Employment Contract Applying for a Residence Permit for Roots in Spain I) Attention to Article 123 of RD 557\/2011. In accordance with the Ley Org\u00e1nica de Extranjer\u00eda, article 31.3 of the Ley Org\u00e1nica 4\/2000, of January 11, the authorization for exceptional circumstances due to social roots generally requires a work contract. [&hellip;]<\/p>\n","protected":false},"author":2,"featured_media":0,"parent":0,"menu_order":0,"comment_status":"closed","ping_status":"closed","template":"","meta":{"footnotes":""},"wf_page_folders":[434],"class_list":["post-9250","page","type-page","status-publish","hentry"],"_links":{"self":[{"href":"https:\/\/abogaciaextranjeria.es\/en\/wp-json\/wp\/v2\/pages\/9250","targetHints":{"allow":["GET"]}}],"collection":[{"href":"https:\/\/abogaciaextranjeria.es\/en\/wp-json\/wp\/v2\/pages"}],"about":[{"href":"https:\/\/abogaciaextranjeria.es\/en\/wp-json\/wp\/v2\/types\/page"}],"author":[{"embeddable":true,"href":"https:\/\/abogaciaextranjeria.es\/en\/wp-json\/wp\/v2\/users\/2"}],"replies":[{"embeddable":true,"href":"https:\/\/abogaciaextranjeria.es\/en\/wp-json\/wp\/v2\/comments?post=9250"}],"version-history":[{"count":1,"href":"https:\/\/abogaciaextranjeria.es\/en\/wp-json\/wp\/v2\/pages\/9250\/revisions"}],"predecessor-version":[{"id":9252,"href":"https:\/\/abogaciaextranjeria.es\/en\/wp-json\/wp\/v2\/pages\/9250\/revisions\/9252"}],"wp:attachment":[{"href":"https:\/\/abogaciaextranjeria.es\/en\/wp-json\/wp\/v2\/media?parent=9250"}],"wp:term":[{"taxonomy":"wf_page_folders","embeddable":true,"href":"https:\/\/abogaciaextranjeria.es\/en\/wp-json\/wp\/v2\/wf_page_folders?post=9250"}],"curies":[{"name":"wp","href":"https:\/\/api.w.org\/{rel}","templated":true}]}}