{"id":9237,"date":"2022-05-09T10:53:46","date_gmt":"2022-05-09T10:53:46","guid":{"rendered":"https:\/\/abogaciaextranjeria.es\/contentious-court-appeal\/"},"modified":"2024-11-28T09:31:14","modified_gmt":"2024-11-28T09:31:14","slug":"contentious-court-appeal","status":"publish","type":"page","link":"https:\/\/abogaciaextranjeria.es\/en\/contentious-court-appeal\/","title":{"rendered":"Contentious Court Appeal"},"content":{"rendered":"\t\t<div data-elementor-type=\"wp-page\" data-elementor-id=\"9237\" class=\"elementor elementor-9237 elementor-6926\" data-elementor-post-type=\"page\">\n\t\t\t\t\t\t<section class=\"elementor-section elementor-top-section elementor-element elementor-element-37a616de elementor-section-boxed elementor-section-height-default elementor-section-height-default\" data-id=\"37a616de\" data-element_type=\"section\" data-e-type=\"section\">\n\t\t\t\t\t\t<div class=\"elementor-container elementor-column-gap-default\">\n\t\t\t\t\t<div class=\"elementor-column elementor-col-100 elementor-top-column elementor-element elementor-element-4b3ce1d8\" data-id=\"4b3ce1d8\" data-element_type=\"column\" data-e-type=\"column\">\n\t\t\t<div class=\"elementor-widget-wrap elementor-element-populated\">\n\t\t\t\t\t\t<div class=\"elementor-element elementor-element-67ab68d elementor-widget elementor-widget-text-editor\" data-id=\"67ab68d\" data-element_type=\"widget\" data-e-type=\"widget\" data-widget_type=\"text-editor.default\">\n\t\t\t\t<div class=\"elementor-widget-container\">\n\t\t\t\t\t\t\t\t\t<h2><strong>Recurso contencioso judicial<\/strong><\/h2>\n<p><img fetchpriority=\"high\" decoding=\"async\" class=\"aligncenter wp-image-800\" title=\"RECURSO CONTENCIOSO PFBERNAL ABOGADOS\" src=\"https:\/\/abogaciaextranjeria.es\/wp-content\/uploads\/2015\/09\/IMG_0417-300x224.jpg\" alt=\"\" width=\"350\" height=\"261\" srcset=\"https:\/\/abogaciaextranjeria.es\/wp-content\/uploads\/2015\/09\/IMG_0417-300x224.jpg 300w, https:\/\/abogaciaextranjeria.es\/wp-content\/uploads\/2015\/09\/IMG_0417.jpg 1024w, https:\/\/abogaciaextranjeria.es\/wp-content\/uploads\/2015\/09\/IMG_0417-1080x807.jpg 1080w\" sizes=\"(max-width: 350px) 100vw, 350px\" \/><\/p>\n<p><span style=\"font-size: 13px;\">\u00a0<\/span><\/p>\n<h2><span style=\"font-size: x-large;\"><strong><span style=\"font-family: Actor;\">RECURSO CONTENCIOSO (JUZGADO CONTENCIOSO)<\/span><\/strong><\/span><\/h2>\n<p style=\"text-align: justify;\"><span style=\"font-family: Actor; font-weight: normal; font-size: large;\">En las Denegaciones (Resoluciones no favorables administrativas) de Residencia, les ponemos los casos concretos RESOLUCION <strong>DENEGACION DE<\/strong>\u00a0 :<\/span><span style=\"font-size: 16px;\">\u00a0<\/span><\/p>\n<p style=\"text-align: justify;\"><span style=\"font-family: Actor; font-size: large;\">Ud, recibe una notificaci\u00f3n de Delegaci\u00f3n\u00a0de Gobierno, Extranjeria, que contiene la\u00a0 Denegaci\u00f3n (Resoluci\u00f3n no favorable) de <\/span><strong style=\"font-family: Actor; font-size: large; font-weight: normal;\">Solicitud<\/strong><span style=\"font-family: Actor; font-size: large;\"> de Residencia, Renovaci\u00f3n de Residencia y UD. se puede encontrar en las situaciones siguientes:<\/span><\/p>\n<p>-Solicitud de Arraigo Denegada<\/p>\n<p>-Pr\u00f3rroga de Estudio Denegada<\/p>\n<p>-Renovaci\u00f3n de Residencia Denegada<\/p>\n<p>-Nacionalidad Denegada<\/p>\n<p>-Visado Denegado<\/p>\n<p>-Reagrupaci\u00f3n Familiar Denegada<\/p>\n<p>-Decreto de Expulsi\u00f3n<\/p>\n<p>-Recurso de Reposici\u00f3n Denegado<\/p>\n<p>-Recurso de Alzada Denegado<\/p>\n<h2 style=\"text-align: justify;\">\u00a0 \u00a0 \u00a0 \u00a0 \u00a0 \u00a0 \u00a0 <span style=\"font-size: large;\"><strong>ANALIZAMOS:<\/strong><\/span><\/h2>\n<p style=\"text-align: justify;\"><span style=\"font-family: Actor; font-size: large;\">1\u00ba Si esta dentro de \u00a0uno de los casos de DENEGACION ( Renovacion,\u00a0 <\/span><strong style=\"font-family: Actor; font-size: large; font-weight: normal;\">NO ESTA TODO PERDIDO.<\/strong><span style=\"font-family: Actor; font-size: large;\"> Analizaremos tu caso, el <\/span><strong style=\"font-family: Actor; font-size: large; font-weight: normal;\">Recurso Contencioso<\/strong><span style=\"font-family: Actor; font-size: large;\"> siendo viable, es posiblemente su <\/span><strong style=\"font-family: Actor; font-size: large; font-weight: normal;\">unica alternativa a cambiar su situacion desfavorable, le Aconsejamos a\u00a0<\/strong><span style=\"font-family: Actor; font-size: large;\"><b>continuaci\u00f3n<\/b>. Recurso: Reclamamos por escrito de abogado, nuestros derechos, supuestamente vulnerados por la administracion, presentamos el recurso muy cargado de argumentaci\u00f3n legal, de motivos y tambi\u00e9n con una exposici\u00f3n en Juzgado importante, tenemos que pedir y saber lo que pedimos.<\/span><\/p>\n<h2><span style=\"font-family: Actor; font-weight: normal; font-size: large;\">La primera pregunta que se nos ocurre es: \u00bfQUE HACER ANTE UNA DENEGACI\u00d3N?, O respuesta no favorable notificada por la Delegaci\u00f3n del Gobierno en extranjer\u00eda, podemos no hacer nada, y se quedar\u00e1 archivado su expediente, cancela toda la tramitaci\u00f3n y pierde su residencia, por ejemplo, o puede hacer como nuestra clienta, que nos contacta para llevar el recurso contencioso sobre una expulsi\u00f3n express que ten\u00eda notificada y el resultado fue muy positivo, nos conceden la residencia, puede visualizar la notificaci\u00f3n de Extranjer\u00eda a continuaci\u00f3n:<\/span><\/h2>\n<p><a href=\"https:\/\/abogaciaextranjeria.es\/wp-content\/uploads\/2020\/11\/concesion-residencia-provisional-.jpg\" target=\"_blank\" rel=\"noopener noreferrer\"><img decoding=\"async\" class=\"wp-image-5002 aligncenter\" title=\"RECURSO CONTENCIOSO ESTIMADO RESIDENCIA Y TRABAJO\" src=\"https:\/\/abogaciaextranjeria.es\/wp-content\/uploads\/2020\/11\/concesion-residencia-provisional--221x300.jpg\" alt=\"PFBERNAL ABOGADOS EXTRANJERIA recurso contenciosos estimado 2020\" width=\"350\" height=\"476\" srcset=\"https:\/\/abogaciaextranjeria.es\/wp-content\/uploads\/2020\/11\/concesion-residencia-provisional--221x300.jpg 221w, https:\/\/abogaciaextranjeria.es\/wp-content\/uploads\/2020\/11\/concesion-residencia-provisional--753x1024.jpg 753w, https:\/\/abogaciaextranjeria.es\/wp-content\/uploads\/2020\/11\/concesion-residencia-provisional--768x1044.jpg 768w, https:\/\/abogaciaextranjeria.es\/wp-content\/uploads\/2020\/11\/concesion-residencia-provisional--1130x1536.jpg 1130w, https:\/\/abogaciaextranjeria.es\/wp-content\/uploads\/2020\/11\/concesion-residencia-provisional--1080x1468.jpg 1080w, https:\/\/abogaciaextranjeria.es\/wp-content\/uploads\/2020\/11\/concesion-residencia-provisional--980x1332.jpg 980w, https:\/\/abogaciaextranjeria.es\/wp-content\/uploads\/2020\/11\/concesion-residencia-provisional--480x653.jpg 480w, https:\/\/abogaciaextranjeria.es\/wp-content\/uploads\/2020\/11\/concesion-residencia-provisional-.jpg 1263w\" sizes=\"(max-width: 350px) 100vw, 350px\" \/><\/a><\/p>\n<h2>\u00a0<span style=\"font-size: 16px;\">\u00a0<span style=\"font-family: Actor; font-weight: normal; font-size: large;\"><strong>PROCEDIMIENTO<br \/><\/strong><\/span><\/span><\/h2>\n<p style=\"text-align: justify;\"><span style=\"font-family: Actor; font-weight: normal; font-size: large;\">2\u00ba Se recurre ante el Juzgado, donde finalizara el recurso con Sentencia, te demostramos nuestra efectividad con los recursos presentados, tasa muy elevada de exito, 98 %\u00a0 (SENTENCIA JUDICIAL resoluciones judiciales de obligado cumplimiento por la administracion), que\u00a0 invitamos a leer\u00a0 obteniendo nuestros clientes la estimacion de su renovacion de residencia y trabajo con antecedentes penales, temas de\u00a0 visado, temas de reagrupacion familiar, Nacionalidad, como tenemos mucha experiencia contamos con exito judicial en todo el campo de la extranjer\u00eda, mejor abogado extranjer\u00eda, por la tasa alta de \u00e9xitos, ampliamos a continuaci\u00f3n.<\/span><\/p>\n<p style=\"text-align: justify;\"><span style=\"font-family: Actor; font-weight: normal; font-size: large;\">3\u00ba Presentamos con nuestra experiencia\u00a0 de casos favorables que ya hemos ganado,\u00a0<strong>\u00a0Medidas Urgentes<\/strong> a tu caso, CONFIENOS, donde obtenemos Prorrogas a la <strong>renovacion de residencia,\u00a0<\/strong>valida como renovacion de residencia con todos los derechos, EJEMPLO<\/span><\/p>\n<p style=\"text-align: justify;\"><span style=\"font-family: Actor; font-weight: normal; font-size: large;\"><a href=\"https:\/\/abogaciaextranjeria.es\/wp-content\/uploads\/2015\/08\/Autorizacion-REsidencia-y-Trabajo-Provisional-prorroga-en-Medida-Cautelar-positiva-Recurso-contencioso-2012-Nuestro.pdf\">Autorizacion Residencia y Trabajo Provisional prorroga en Medida Cautelar positiva Recurso contencioso PFBernal Abogados Hacer Click aqui<\/a><\/span><\/p>\n<p style=\"text-align: justify;\"><span style=\"font-family: Actor; font-weight: normal; font-size: large;\">\u00a0 <\/span><\/p>\n<p><figure id=\"attachment_819\" aria-describedby=\"caption-attachment-819\" style=\"width: 350px\" class=\"wp-caption alignleft\"><a href=\"https:\/\/abogaciaextranjeria.es\/wp-content\/uploads\/2015\/09\/resolucion-concesion-autorizacion-residencia-provisional-a-recurso-contencioso-FBernal-Abogados.jpeg\" target=\"_blank\" rel=\"noopener noreferrer\"><img decoding=\"async\" class=\"wp-image-819 aligncenter\" title=\"RESIDENCIA ESTIMADA RECURSO CONTENCIOSO PFBERNAL\" src=\"https:\/\/abogaciaextranjeria.es\/wp-content\/uploads\/2015\/09\/resolucion-concesion-autorizacion-residencia-provisional-a-recurso-contencioso-FBernal-Abogados-212x300.jpeg\" alt=\"\" width=\"350\" height=\"495\" srcset=\"https:\/\/abogaciaextranjeria.es\/wp-content\/uploads\/2015\/09\/resolucion-concesion-autorizacion-residencia-provisional-a-recurso-contencioso-FBernal-Abogados-212x300.jpeg 212w, https:\/\/abogaciaextranjeria.es\/wp-content\/uploads\/2015\/09\/resolucion-concesion-autorizacion-residencia-provisional-a-recurso-contencioso-FBernal-Abogados-723x1024.jpeg 723w, https:\/\/abogaciaextranjeria.es\/wp-content\/uploads\/2015\/09\/resolucion-concesion-autorizacion-residencia-provisional-a-recurso-contencioso-FBernal-Abogados-1080x1529.jpeg 1080w, https:\/\/abogaciaextranjeria.es\/wp-content\/uploads\/2015\/09\/resolucion-concesion-autorizacion-residencia-provisional-a-recurso-contencioso-FBernal-Abogados.jpeg 543w\" sizes=\"(max-width: 350px) 100vw, 350px\" \/><\/a><figcaption id=\"caption-attachment-819\" class=\"wp-caption-text\">Resoluci\u00f3n Prorroga Residencia Provisional en recurso de FBernal Abogados<\/figcaption><\/figure><\/p>\n<p style=\"text-align: justify;\"><a style=\"font-size: 16px; letter-spacing: 0px; text-align: left;\" href=\"https:\/\/abogaciaextranjeria.es\/\" target=\"_blank\" rel=\"noopener\"><b>ABOGADO EXPERTO EXTRANJERIA<\/b><\/a><span style=\"font-family: Actor; font-weight: normal; font-size: large;\">, ANTE EL ABOGADO MEJOR CUALIFICADO EN ESPA\u00d1A EN MATERIA DE EXTRANJERIA, por las razones, de experiencia, eficacia tenemos una estadistica de 97 % casos dificiles resueltos favorables, en extranjeria, RECURSO EN JUZGADOS Y TRIBUNALES, MEDIDAS CAUTELARES URGENTES, RESIDENCIA PROVISIONAL, ANTECEDENTES PENALES, EN RESUMEN, EN TODO EL CAMPO DE EXTRANJERIA, 20 A\u00d1OS de experiencia nos avalan, ofreciendo Garantia de exito a nuestros clientes.<\/span><\/p>\n<p style=\"text-align: justify;\">\u00a0\u2696\ufe0f<span style=\"font-family: Actor; font-size: large; font-weight: normal;\">Ranking en primer lugar\ud83e\udd47Abogado Extranjer\u00eda en Madrid y Espa\u00f1a, web especializada en an\u00e1lisis de carrera y trayectoria de miles de abogados de toda Espa\u00f1a por especialidades, casos judiciales, obteniendo PFBERNAL Abogados\u00a0 una tasa de exito de 97%<\/span><\/p>\n<p style=\"text-align: justify;\"><strong>DEMOSTRAMOS:<\/strong><\/p>\n<p style=\"text-align: justify;\"><img loading=\"lazy\" decoding=\"async\" class=\"wp-image-2394 \" src=\"https:\/\/abogaciaextranjeria.es\/wp-content\/uploads\/2019\/09\/FBERNAL-ABOGADOS-NUM.-1-RANKING-ABOG-EXTRANJERIA-ESPAN\u0303A-1024x561.jpg\" alt=\"MEJOR ABOGADO EXTRANJERIA DE ESPA\u00d1A EN RANKING LEGAL EXTRANJERIA\" width=\"974\" height=\"534\" \/><\/p>\n<p style=\"text-align: justify;\">FBERNAL ABOGADOS NUM. 1 RANKING ABOG EXTRANJERIA ESPAN\u0303A[\/caption]<\/p>\n<p><a style=\"font-size: 13px;\" href=\"https:\/\/abogaciaextranjeria.es\/wp-content\/uploads\/2015\/08\/Autorizacion-REsidencia-y-Trabajo-Provisional-prorroga-en-Medida-Cautelar-positiva-Recurso-contencioso-2012-Nuestro.pdf\"><span style=\"font-family: Actor; font-size: large;\">Autorizacion Residencia y Trabajo Provisional prorroga en Medida Cautelar positiva Recurso contencioso PFBernal Abogados Hacer Click aqui<\/span><\/a><\/p>\n<p><span style=\"font-family: Actor; font-weight: normal; font-size: large;\">Tiene que tener en cuenta que los efectos de Ganar una Autorizacion de Residencia provisional en Juzgados es muy ventajoso para UD. ya que tiene los mismos beneficios que la autorizacion de residencia y trabajo, aun con antecedentes penales vigentes, CONSULTENOS , LLAMENOS YA!!\u00a0<\/span><span style=\"font-size: medium; font-family: Actor;\">\u260e\ufe0f649117806<\/span><\/p>\n<h2>\u00a0<strong>DENEGACION DE RENOVACION CON ANTECEDENTES PENALES EN VIGOR<\/strong><\/h2>\n<p><span style=\"font-family: Actor; font-weight: normal; font-size: large;\"><strong>Primero se presenta recurso contencioso judicial a Juzgado<\/strong> mediante el cual logramos avanzar con medidas cautelares de solicitud de residencia provisional, siempre mas eficiente que la reposicion en estos casos, insistimos , CONSULTENOS SU CASO , MEJOR, dado que somos profesionales cualificados y expertos.<\/span><\/p>\n<p><span style=\"font-family: Actor; font-weight: normal; font-size: large;\"><a href=\"https:\/\/abogaciaextranjeria.es\/wp-content\/uploads\/2015\/09\/sentencia-2013-estima-Recurso-Contencioso-Renovacion-de-Residencia-con-penales.pdf\">sentencia\u00a0 estima Recurso Contencioso Renovacion de Residencia con penales Hacer Click aqui\u00a0<\/a><\/span><\/p>\n<h2><strong>RECURSO CONTENCIOSO AUDIENCIA <\/strong><strong>NACIONAL PARA AGILIZAR NACIONALIDAD\u00a0<\/strong><\/h2>\n<p><span style=\"font-family: Actor; font-weight: normal; font-size: large;\">MUY DEMANDADO ACTUALMENTE ES EL RECURSO A LA AUDIENCIA NACIONAL PARA AGILIZAR LA NACIONALIDAD, donde obtenemos en el plazo de 3-8 meses la concesion de la nacionalidad, previamente solicitada con un a\u00f1o minimo de haber presentado la solicitud de NACIONALIDAD<\/span><\/p>\n<p style=\"text-align: justify;\">&#8220;]<a href=\"https:\/\/abogaciaextranjeria.es\/wp-content\/uploads\/2019\/10\/CONCESION-NACONALIDAD-POR-RECURSO-CONTENCIOSO-PFBERNAL-ABG.jpg\"><img loading=\"lazy\" decoding=\"async\" class=\"wp-image-2446 aligncenter\" title=\"RECURSO CONTENCIOSO ESTIMA CONCESION NACIONALIDAD\" src=\"https:\/\/abogaciaextranjeria.es\/wp-content\/uploads\/2019\/10\/CONCESION-NACONALIDAD-POR-RECURSO-CONTENCIOSO-PFBERNAL-ABG-725x1024.jpg\" alt=\"concesion nacionalidad\" width=\"350\" height=\"495\" srcset=\"https:\/\/abogaciaextranjeria.es\/wp-content\/uploads\/2019\/10\/CONCESION-NACONALIDAD-POR-RECURSO-CONTENCIOSO-PFBERNAL-ABG-725x1024.jpg 725w, https:\/\/abogaciaextranjeria.es\/wp-content\/uploads\/2019\/10\/CONCESION-NACONALIDAD-POR-RECURSO-CONTENCIOSO-PFBERNAL-ABG-212x300.jpg 212w, https:\/\/abogaciaextranjeria.es\/wp-content\/uploads\/2019\/10\/CONCESION-NACONALIDAD-POR-RECURSO-CONTENCIOSO-PFBERNAL-ABG-768x1085.jpg 768w, https:\/\/abogaciaextranjeria.es\/wp-content\/uploads\/2019\/10\/CONCESION-NACONALIDAD-POR-RECURSO-CONTENCIOSO-PFBERNAL-ABG-1080x1526.jpg 1080w, https:\/\/abogaciaextranjeria.es\/wp-content\/uploads\/2019\/10\/CONCESION-NACONALIDAD-POR-RECURSO-CONTENCIOSO-PFBERNAL-ABG.jpg 1239w\" sizes=\"(max-width: 350px) 100vw, 350px\" \/><\/a> resolucion judicial Audiencia Nacional de estimacion recurso contencioso nacionalidad<\/p>\n<p><img loading=\"lazy\" decoding=\"async\" class=\"wp-image-4025 alignleft \" src=\"https:\/\/abogaciaextranjeria.es\/wp-content\/uploads\/2020\/06\/duda.jpg\" alt=\"\" width=\"212\" height=\"212\" srcset=\"https:\/\/abogaciaextranjeria.es\/wp-content\/uploads\/2020\/06\/duda.jpg 450w, https:\/\/abogaciaextranjeria.es\/wp-content\/uploads\/2020\/06\/duda-300x300.jpg 300w, https:\/\/abogaciaextranjeria.es\/wp-content\/uploads\/2020\/06\/duda-150x150.jpg 150w\" sizes=\"(max-width: 212px) 100vw, 212px\" \/><\/p>\n<h2>\u00a0<\/h2>\n<h2>\u00a0<\/h2>\n<h2>\u00a0<\/h2>\n<h2>-TE PUEDE INTERESAR<\/h2>\n<h2 style=\"background-color: #ffffff;\"><a style=\"font-size: 22px;\" href=\"https:\/\/abogaciaextranjeria.es\/servicios\/recursos-extranjeria-reposicion-alzada-contencioso\/recurso-reposicion\/\">+<span style=\"font-size: 22px; font-family: Actor;\">\u00a0INFO RECURSO CONTENCIOSO\u00a0<\/span>\u00a0<\/a><\/h2>\n<p><a href=\"https:\/\/abogaciaextranjeria.es\/servicios\/recursos-extranjeria-reposicion-alzada-contencioso\/recurso-reposicion\/\"><img loading=\"lazy\" decoding=\"async\" class=\"alignleft wp-image-2672 size-full\" title=\"RECURSO CONTENCIOSO ABOGACIAEXTRANJERIA.ES\" src=\"https:\/\/abogaciaextranjeria.es\/wp-content\/uploads\/2020\/03\/justicia.jpg\" alt=\"\" width=\"450\" height=\"298\" srcset=\"https:\/\/abogaciaextranjeria.es\/wp-content\/uploads\/2020\/03\/justicia.jpg 450w, https:\/\/abogaciaextranjeria.es\/wp-content\/uploads\/2020\/03\/justicia-300x199.jpg 300w\" sizes=\"(max-width: 450px) 100vw, 450px\" \/><\/a><\/p>\n<h1>\u00a0<\/h1>\n<p><a style=\"text-align: start;\" title=\"RECURSO CONTENCIOSO NACIONALIDAD \" href=\"https:\/\/abogaciaextranjeria.es\/recurso-contencioso-nacionalidad\/\" target=\"_blank\" rel=\"noopener noreferrer\"> \u00a0<span style=\"font-size: large; font-family: Actor; font-weight: normal;\">+ INFO RECURSO CONTENCIOSO NACIONALIDAD HACER CLICK AQUI<\/span><\/a><br \/><a href=\"https:\/\/www.google.com\/search?client=firefox-b-d&amp;q=fbernal+abogados\">PFBERNAL ABOGADOS<\/a><\/p>\n\t\t\t\t\t\t\t\t<\/div>\n\t\t\t\t<\/div>\n\t\t\t\t\t<\/div>\n\t\t<\/div>\n\t\t\t\t\t<\/div>\n\t\t<\/section>\n\t\t\t\t<\/div>\n\t\t","protected":false},"excerpt":{"rendered":"<p>Recurso contencioso judicial \u00a0 RECURSO CONTENCIOSO (JUZGADO CONTENCIOSO) En las Denegaciones (Resoluciones no favorables administrativas) de Residencia, les ponemos los casos concretos RESOLUCION DENEGACION DE\u00a0 :\u00a0 Ud, recibe una notificaci\u00f3n de Delegaci\u00f3n\u00a0de Gobierno, Extranjeria, que contiene la\u00a0 Denegaci\u00f3n (Resoluci\u00f3n no favorable) de Solicitud de Residencia, Renovaci\u00f3n de Residencia y UD. se puede encontrar en las [&hellip;]<\/p>\n","protected":false},"author":2,"featured_media":0,"parent":0,"menu_order":0,"comment_status":"open","ping_status":"closed","template":"","meta":{"footnotes":""},"wf_page_folders":[434],"class_list":["post-9237","page","type-page","status-publish","hentry"],"_links":{"self":[{"href":"https:\/\/abogaciaextranjeria.es\/en\/wp-json\/wp\/v2\/pages\/9237","targetHints":{"allow":["GET"]}}],"collection":[{"href":"https:\/\/abogaciaextranjeria.es\/en\/wp-json\/wp\/v2\/pages"}],"about":[{"href":"https:\/\/abogaciaextranjeria.es\/en\/wp-json\/wp\/v2\/types\/page"}],"author":[{"embeddable":true,"href":"https:\/\/abogaciaextranjeria.es\/en\/wp-json\/wp\/v2\/users\/2"}],"replies":[{"embeddable":true,"href":"https:\/\/abogaciaextranjeria.es\/en\/wp-json\/wp\/v2\/comments?post=9237"}],"version-history":[{"count":5,"href":"https:\/\/abogaciaextranjeria.es\/en\/wp-json\/wp\/v2\/pages\/9237\/revisions"}],"predecessor-version":[{"id":9625,"href":"https:\/\/abogaciaextranjeria.es\/en\/wp-json\/wp\/v2\/pages\/9237\/revisions\/9625"}],"wp:attachment":[{"href":"https:\/\/abogaciaextranjeria.es\/en\/wp-json\/wp\/v2\/media?parent=9237"}],"wp:term":[{"taxonomy":"wf_page_folders","embeddable":true,"href":"https:\/\/abogaciaextranjeria.es\/en\/wp-json\/wp\/v2\/wf_page_folders?post=9237"}],"curies":[{"name":"wp","href":"https:\/\/api.w.org\/{rel}","templated":true}]}}