{"id":9203,"date":"2022-05-09T14:43:14","date_gmt":"2022-05-09T14:43:14","guid":{"rendered":"https:\/\/abogaciaextranjeria.es\/rates\/"},"modified":"2024-11-12T11:14:50","modified_gmt":"2024-11-12T11:14:50","slug":"rates","status":"publish","type":"page","link":"https:\/\/abogaciaextranjeria.es\/en\/rates\/","title":{"rendered":"Rates"},"content":{"rendered":"\t\t<div data-elementor-type=\"wp-page\" data-elementor-id=\"9203\" class=\"elementor elementor-9203 elementor-6955\" data-elementor-post-type=\"page\">\n\t\t\t\t\t\t<section class=\"elementor-section elementor-top-section elementor-element elementor-element-22c62557 elementor-section-boxed elementor-section-height-default elementor-section-height-default\" data-id=\"22c62557\" data-element_type=\"section\" data-e-type=\"section\">\n\t\t\t\t\t\t<div class=\"elementor-container elementor-column-gap-default\">\n\t\t\t\t\t<div class=\"elementor-column elementor-col-100 elementor-top-column elementor-element elementor-element-15340376\" data-id=\"15340376\" data-element_type=\"column\" data-e-type=\"column\">\n\t\t\t<div class=\"elementor-widget-wrap elementor-element-populated\">\n\t\t\t\t\t\t<div class=\"elementor-element elementor-element-23dd3de2 elementor-widget elementor-widget-text-editor\" data-id=\"23dd3de2\" data-element_type=\"widget\" data-e-type=\"widget\" data-widget_type=\"text-editor.default\">\n\t\t\t\t<div class=\"elementor-widget-container\">\n\t\t\t\t\t\t\t\t\t<p><a href=\"https:\/\/abogaciaextranjeria.es\/wp-content\/uploads\/2015\/05\/16651377884_f3f5971b67_k.jpg\"><img fetchpriority=\"high\" decoding=\"async\" class=\"aligncenter wp-image-349\" src=\"https:\/\/abogaciaextranjeria.es\/wp-content\/uploads\/2015\/05\/16651377884_f3f5971b67_k-300x169.jpg\" alt=\"precio abogado extranjer\u00eda madrid \" width=\"362\" height=\"204\" srcset=\"https:\/\/abogaciaextranjeria.es\/wp-content\/uploads\/2015\/05\/16651377884_f3f5971b67_k-300x169.jpg 300w, https:\/\/abogaciaextranjeria.es\/wp-content\/uploads\/2015\/05\/16651377884_f3f5971b67_k.jpg 1024w, https:\/\/abogaciaextranjeria.es\/wp-content\/uploads\/2015\/05\/16651377884_f3f5971b67_k-1080x608.jpg 1080w\" sizes=\"(max-width: 362px) 100vw, 362px\" \/><\/a><\/p>\n<h1>Precio Abogado Extranjer\u00eda Madrid: Transparencia y Compromiso<\/h1>\n<p>En <a href=\"https:\/\/abogaciaextranjeria.es\/\" target=\"_blank\" rel=\"noopener\"><strong>Abogac\u00eda Extranjer\u00eda<\/strong><\/a>, entendemos que los asuntos legales relacionados con la inmigraci\u00f3n pueden ser complejos y, en ocasiones, costosos. Por eso, nos comprometemos a ofrecer <strong>tarifas abogado extranjer\u00eda en Madrid<\/strong> que sean claras, justas y competitivas. Sabemos que cada caso es \u00fanico, y nuestra prioridad es ofrecer un servicio de calidad accesible para todos nuestros clientes.<\/p>\n<h3>\u00bfQu\u00e9 Incluyen Nuestras Tarifas Abogado Extranjer\u00eda Madrid?<\/h3>\n<p>Nuestras <strong>tarifas abogado extranjer\u00eda Madrid<\/strong> est\u00e1n dise\u00f1adas para cubrir una amplia gama de servicios legales en el \u00e1mbito de la inmigraci\u00f3n. Desde la solicitud de permisos de residencia y trabajo, hasta la tramitaci\u00f3n de la nacionalidad espa\u00f1ola, pasando por recursos contra resoluciones desfavorables. Nuestro objetivo es que sepas exactamente qu\u00e9 est\u00e1s pagando y por qu\u00e9, sin sorpresas ni cargos ocultos.<\/p>\n<h3>Tarifas Adaptadas a Tus Necesidades<\/h3>\n<p>Entendemos que cada cliente tiene necesidades diferentes. Por eso, ofrecemos opciones de tarifas que se ajustan a distintos presupuestos. Ya sea que necesites una consulta inicial para orientarte sobre tu situaci\u00f3n o una representaci\u00f3n completa durante todo el proceso legal, en <strong>Abogac\u00eda Extranjer\u00eda<\/strong> encontrar\u00e1s un plan de tarifas que se adapte a ti.<\/p>\n<p>Adem\u00e1s, somos conscientes de que los procesos legales pueden extenderse en el tiempo, por lo que tambi\u00e9n ofrecemos la posibilidad de fraccionar el pago de nuestros servicios en c\u00f3modas cuotas. Queremos que acceder a un abogado de extranjer\u00eda en Madrid sea una opci\u00f3n viable para todos, independientemente de la complejidad del caso.<\/p>\n<h3>\u00bfPor Qu\u00e9 Elegirnos?<\/h3>\n<p>En <strong>Abogac\u00eda Extranjer\u00eda<\/strong>, no solo nos destacamos por nuestras <strong>tarifas abogado extranjer\u00eda Madrid<\/strong> competitivas, sino tambi\u00e9n por nuestro compromiso con la calidad y el \u00e9xito de cada caso. Contamos con un equipo de abogados especializados en extranjer\u00eda que te acompa\u00f1ar\u00e1n en cada paso del proceso, garantizando un enfoque personalizado y adaptado a tus circunstancias.<\/p>\n<h3>Transparencia y Confianza<\/h3>\n<p>Nuestra pol\u00edtica de transparencia en tarifas est\u00e1 orientada a construir una relaci\u00f3n de confianza con nuestros clientes. Creemos que la claridad en los costos es fundamental para que puedas tomar decisiones informadas y centrarte en lo que realmente importa: resolver tu situaci\u00f3n legal de la mejor manera posible.<\/p>\n<h3>Contacta con Nosotros<\/h3>\n<p>Si est\u00e1s buscando un abogado de extranjer\u00eda en Madrid con tarifas claras y un enfoque profesional, no dudes en ponerte en contacto con nosotros. Estamos aqu\u00ed para ayudarte a resolver tus asuntos legales de manera efectiva y con la tranquilidad de saber que est\u00e1s en buenas manos.<\/p>\n<h2>Tarifas abogado extranjer\u00eda Madrid<\/h2>\n<p class=\"MsoNormal\" style=\"line-height: normal; margin: 0cm 0cm 10pt;\"><strong>FORMAS DE PAGO:<\/strong> Transferencia bancaria a cuenta \u00a0 , Pago c\u00f3modo por Paypal con tarjeta de cr\u00e9dito o d\u00e9bito, en efectivo o en despacho, o en Giro Western Uni\u00f3n.<\/p>\n<p>PAGO PAYPAL<\/p>\n<p>FORMA DE PAGO COMODO ONLINE CON TARJETA DE CREDITO, D\u00c9BITO, MASTERCARD<br \/>Les brindamos la posibilidad de efectuar el pago de manera comoda y sencilla en dos pasos , es pago inmediato con las Tarjetas Bancarias.&lt;\/p&gt;<br \/>INSTRUCCIONES:<\/p>\n<p>1\u00ba) Una vez que ha contactado con Abogado le facilitar\u00e1 el presupuesto de los servicios contratados, ej. consulta, lo introduce en casilla Unidad y pulsa continuar.<\/p>\n<p>2\u00ba) le solicitara el tipo de tarjeta bancaria para finalizar el Pago<\/p>\n<p style=\"box-sizing: border-box; margin-bottom: 16px; color: #171717; font-family: Montserrat, sans-serif; font-size: 16px; font-style: normal; font-variant-ligatures: normal; font-variant-caps: normal; font-weight: 400; letter-spacing: 0.24px; orphans: 2; text-align: left; text-indent: 0px; text-transform: none; widows: 2; word-spacing: 0px; -webkit-text-stroke-width: 0px; white-space: normal; background-color: #f2f3f5; text-decoration-thickness: initial; text-decoration-style: initial; text-decoration-color: initial;\"><strong>PAGO ONLINE POR PAYPAL<\/strong>, FORMA DE PAGO SEGURA, NO HACE FALTA CUENTA EN PAYPAL, SIMPLEMENTE CON SU TARJETA BANCARIA, CREDITO O DEBITO, ACCESO EN SIGUIENTE BOTON\u00a0 DE PAYPAL &#8220;<em>PAGAR AHORA<\/em>&#8220;<\/p>\n<p>ACCEDA AL PAGO POR PAYPAL EN EL BOTON SIGUIENTE DE PAGO<\/p>\n<form action=\"https:\/\/www.paypal.com\/cgi-bin\/webscr\" method=\"post\" target=\"_top\"><input name=\"cmd\" type=\"hidden\" value=\"_s-xclick\" \/><br \/><input name=\"hosted_button_id\" type=\"hidden\" value=\"3BZDDX2KXLSBG\" \/><br \/><input name=\"currency_code\" type=\"hidden\" value=\"EUR\" \/><br \/><input title=\"PayPal, la forma r\u00e1pida y segura de pagar en Internet.\" alt=\"Comprar ahora\" name=\"submit\" src=\"https:\/\/www.paypalobjects.com\/es_ES\/ES\/i\/btn\/btn_paynowCC_LG.gif\" type=\"image\" \/><\/form>\n<p>\u00a0<\/p>\n\t\t\t\t\t\t\t\t<\/div>\n\t\t\t\t<\/div>\n\t\t\t\t\t<\/div>\n\t\t<\/div>\n\t\t\t\t\t<\/div>\n\t\t<\/section>\n\t\t\t\t<\/div>\n\t\t","protected":false},"excerpt":{"rendered":"<p>Consult in this section our rates<\/p>\n","protected":false},"author":2,"featured_media":0,"parent":0,"menu_order":0,"comment_status":"open","ping_status":"closed","template":"","meta":{"footnotes":""},"wf_page_folders":[434],"class_list":["post-9203","page","type-page","status-publish","hentry"],"_links":{"self":[{"href":"https:\/\/abogaciaextranjeria.es\/en\/wp-json\/wp\/v2\/pages\/9203","targetHints":{"allow":["GET"]}}],"collection":[{"href":"https:\/\/abogaciaextranjeria.es\/en\/wp-json\/wp\/v2\/pages"}],"about":[{"href":"https:\/\/abogaciaextranjeria.es\/en\/wp-json\/wp\/v2\/types\/page"}],"author":[{"embeddable":true,"href":"https:\/\/abogaciaextranjeria.es\/en\/wp-json\/wp\/v2\/users\/2"}],"replies":[{"embeddable":true,"href":"https:\/\/abogaciaextranjeria.es\/en\/wp-json\/wp\/v2\/comments?post=9203"}],"version-history":[{"count":2,"href":"https:\/\/abogaciaextranjeria.es\/en\/wp-json\/wp\/v2\/pages\/9203\/revisions"}],"predecessor-version":[{"id":9206,"href":"https:\/\/abogaciaextranjeria.es\/en\/wp-json\/wp\/v2\/pages\/9203\/revisions\/9206"}],"wp:attachment":[{"href":"https:\/\/abogaciaextranjeria.es\/en\/wp-json\/wp\/v2\/media?parent=9203"}],"wp:term":[{"taxonomy":"wf_page_folders","embeddable":true,"href":"https:\/\/abogaciaextranjeria.es\/en\/wp-json\/wp\/v2\/wf_page_folders?post=9203"}],"curies":[{"name":"wp","href":"https:\/\/api.w.org\/{rel}","templated":true}]}}