{"id":9145,"date":"2018-05-30T15:35:08","date_gmt":"2018-05-30T15:35:08","guid":{"rendered":"https:\/\/abogaciaextranjeria.es\/privacy-policy\/"},"modified":"2025-01-20T12:58:40","modified_gmt":"2025-01-20T12:58:40","slug":"privacy-policy","status":"publish","type":"page","link":"https:\/\/abogaciaextranjeria.es\/en\/privacy-policy\/","title":{"rendered":"Privacy Policy"},"content":{"rendered":"<p><!-- Start shortcoder --><\/p>\n<style type=\"text\/css\"><!--\/*--><!{{{wpml_tag_2}}}\ufeff<\/span>[CDATA[\/* ><!--*\/ table { width: 100%; max-width: 100%; border: 1px solid #d5d5d5; border-collapse: collapse color: #212121; font-size: 14px; font-weight: normal; line-height: 24px; letter-spacing: 0.3px; } table caption { font-weight: 400; font-style: normal; font-size: 2.954rem; line-height: 1; margin-bottom: .75em } table th { font-weight: 400; font-style: normal; text-transform: uppercase; letter-spacing: .02em; font-size: .9353rem; padding: 1.2307em 1.0833em 1.0833em; line-height: 1.333; background-color: #dbdbdb} table td, table th { text-align: left } table td { padding: .92307em 1em .7692em } table tbody tr:nth-of-type(even) { background-color: #f9f8f5 } table tbody th { border-top: 1px solid #d5d5d2 } table tbody td { border-top: 1px solid #d5d5d2; border-right: 1px solid #d5d5d2; } table.wdn_responsive_table thead th abbr { border-bottom: none } @media screen and (max-width:47.99em) { table.wdn_responsive_table td, table.wdn_responsive_table th { display: block } table.wdn_responsive_table thead tr { display: none } table.wdn_responsive_table tbody tr:first-child th { border-top-width: 0 } table.wdn_responsive_table tbody tr:nth-of-type(even) { background-color: transparent } table.wdn_responsive_table tbody td { text-align: left } table.wdn_responsive_table tbody td:before { display: block; font-weight: 700; content: attr(data-header) } table.wdn_responsive_table tbody td:empty { display: none } table.wdn_responsive_table tbody td:nth-of-type(even) { background-color: #f9f8f5 } } @media (min-width:48em) { table caption { font-size: 2.532rem } table th { padding: 1.2307em 1.2307em 1em; font-size: .802rem } table td { padding: .75em 1em .602em } } @media screen and (min-width:48em) { table.wdn_responsive_table thead th:not(:first-child) { text-align: center } table.wdn_responsive_table tbody td { text-align: center } table.wdn_responsive_table.flush-left td, table.wdn_responsive_table.flush-left thead th { text-align: left } } \/*--><!]]{{{wpml_tag_3}}}\ufeff<\/span>>*\/<br \/><\/style>\n<ol>\n<li><a style=\"text-decoration: none;\" href=\"https:\/\/abogaciaextranjeria.es\/politica-de-privacidad\/\"><u>Identificaci\u00f3n y datos de contacto del Responsable<\/u><\/a><\/li>\n<li><a style=\"text-decoration: none;\" href=\"#2\"><u>Informaci\u00f3n necesaria y actualizada<\/u><\/a><\/li>\n<li><a style=\"text-decoration: none;\" href=\"https:\/\/abogaciaextranjeria.es\/politica-de-privacidad\/\"><u>Informaci\u00f3n general: descripci\u00f3n de la informaci\u00f3n contenida en la pol\u00edtica de privacidad<\/u><\/a><\/li>\n<li><a style=\"text-decoration: none;\" href=\"https:\/\/abogaciaextranjeria.es\/politica-de-privacidad\/\"><u>Informaci\u00f3n detallada de los tratamientos realizados por la Sociedad<\/u><\/a><\/li>\n<li><a style=\"text-decoration: none;\" href=\"https:\/\/abogaciaextranjeria.es\/politica-de-privacidad\/\"><u>Ejercicio de sus derechos<\/u><\/a><\/li>\n<li><a style=\"text-decoration: none;\" href=\"https:\/\/abogaciaextranjeria.es\/politica-de-privacidad\/\"><u>Cookies<\/u><\/a><\/li>\n<li><a style=\"text-decoration: none;\" href=\"https:\/\/abogaciaextranjeria.es\/politica-de-privacidad\/\"><u>Medidas de seguridad<\/u><\/a><\/li>\n<li><a style=\"text-decoration: none;\" href=\"https:\/\/abogaciaextranjeria.es\/politica-de-privacidad\/\"><u>Menores<\/u><\/a><\/li>\n<li><a style=\"text-decoration: none;\" href=\"#9\"><u>Formulario para ejercer los derechos sobre la privacidad de los datos<\/u><\/a><\/li>\n<\/ol>\n<h3 id=\"1\" class=\"text_subtitle\">1. Identificaci\u00f3n y datos de contacto del Responsable<\/h3>\n<p>La titularidad de este sitio web www.abogaciaextranjeria.es (en adelante, \u201c<strong>Abogac\u00eda Extranjer\u00eda<\/strong>\u201d ), la ostenta Pedro Fernandez Bernal, domiciliada en Calle Diego de Leon 22, 2\u00ba D- Madrid 28006 con NIF 50754541G, y tel\u00e9fono 91 306 31 05 . 649117806 y es el responsable del tratamiento de sus datos personales. En la presente pol\u00edtica de privacidad se facilita la informaci\u00f3n sobre el uso que Abogac\u00eda Extranjer\u00eda har\u00e1 de sus datos personales en su condici\u00f3n de usuario de la web &#8220;www.abogaciaextranjeria.es&#8221;.<\/p>\n<p>La presente Pol\u00edtica de Privacidad tiene por objeto facilitar informaci\u00f3n sobre los derechos que le asisten en virtud del Reglamento General de Protecci\u00f3n de Datos (\u201cRGPD\u201d). Si tiene cualquier duda relativa al tratamiento de sus datos personales, contacte con \u201cwww.abogaciaextranjeria.es\u201d mediante el <a href=\"\/politica-de-privacidad\/#9\">formulario de privacidad.<\/a><\/p>\n<h3 id=\"2\" class=\"text_subtitle\">2. Informaci\u00f3n necesaria y actualizada<\/h3>\n<p>Todos los campos que aparezcan se\u00f1alados con un asterisco (*) en los formularios de la Web ser\u00e1n de obligada cumplimentaci\u00f3n, de tal modo que la omisi\u00f3n de alguno de ellos podr\u00eda comportar la imposibilidad de que se le puedan facilitar los servicios o informaci\u00f3n solicitados.<\/p>\n<p>Deber\u00e1 proporcionar informaci\u00f3n ver\u00eddica, para que la informaci\u00f3n facilitada est\u00e9 siempre actualizada y no contenga errores, deber\u00e1 comunicar a \u201cAbogac\u00eda Extranjer\u00eda\u201d a la mayor brevedad posible, las modificaciones y rectificaciones de sus datos de car\u00e1cter personal que se vayan produciendo , mediante el <a href=\"\/politica-de-privacidad\/#9\">formulario de privacidad<\/a>.<\/p>\n<p>Asimismo, al hacer \u201cclick\u201d en el bot\u00f3n \u201cAcepto\u201d (o equivalente) incorporado en los citados formularios, declara que la informaci\u00f3n y los datos que en ellos ha facilitado son exactos y veraces.<\/p>\n<h3 id=\"3\" class=\"text_subtitle\">3. Informaci\u00f3n general: descripci\u00f3n de la informaci\u00f3n contenida en la pol\u00edtica de privacidad<\/h3>\n<p>En la presente pol\u00edtica de privacidad encontrar\u00e1 una tabla identificando, por cada uno de los diferentes tratamientos de datos realizados por \u201cAbogac\u00eda Extranjer\u00eda\u201d a la siguiente informaci\u00f3n:<\/p>\n<ol style=\"list-style-type: lower-alpha;\">\n<li>Las finalidades del tratamiento de sus datos personales, esto es, el motivo por el cual \u201cAbogac\u00eda Extranjer\u00eda\u201d trata sus datos personales.<\/li>\n<li>Las bases legales que permiten el tratamiento de sus datos por parte de \u201cAbogac\u00eda Extranjer\u00eda\u201d para cada una de las finalidades indicadas.<\/li>\n<li>La posible comunicaci\u00f3n de sus datos a terceros, as\u00ed como la causa de dicha comunicaci\u00f3n. A estos efectos, le informamos de que no cedemos sus datos personales a terceros salvo que exista una obligaci\u00f3n legal o bien se trate de profesionales colaboradores designados por Abogac\u00eda Extranjer\u00eda para poder prestarle el servicio contratado o encargo profesional. Los prestadores de servicios que acceden a sus datos personales, con car\u00e1cter general, se dedican a los sectores de sistemas de informaci\u00f3n y tecnolog\u00eda. En la tabla que figura a continuaci\u00f3n se indicar\u00e1n, en su caso, aquellos otros sectores a los que se dediquen otros posibles prestadores de servicios de Abogac\u00eda Extranjer\u00eda que deban acceder a sus datos personales.Le informamos de que puede solicitar mayor detalle de informaci\u00f3n respecto de los destinatarios de sus datos  mediante el <a href=\"\/politica-de-privacidad\/#9\">formulario de privacidad<\/a>. indicando el tratamiento concreto sobre cuyos destinatarios querr\u00eda informaci\u00f3n.<\/li>\n<li>El plazo de conservaci\u00f3n de los datos que nos facilite. Asimismo, le informamos de que sus datos permanecer\u00e1n bloqueados para la atenci\u00f3n de reclamaciones judiciales, administrativas o fiscales, durante los plazos que resulten de la legislaci\u00f3n aplicable.<\/li>\n<\/ol>\n<h3 id=\"4\" class=\"text_subtitle\">4. Informaci\u00f3n detallada de los tratamientos realizados por Abogac\u00eda Extranjer\u00eda<\/h3>\n<table id=\"t116456\" class=\"wdn_responsive_table flush-left\">\n<thead>\n<tr>\n<th id=\"t116456_row_0col_0\" colspan=\"1\">Finalidad del tratamiento<\/th>\n<th id=\"t116456_row_0col_1\" colspan=\"1\">Base legal<\/th>\n<th id=\"t116456_row_0col_2\" colspan=\"1\">Destinatarios<\/th>\n<th id=\"t116456_row_0col_4\" colspan=\"1\">Plazo de conservaci\u00f3n<\/th>\n<\/tr>\n<\/thead>\n<tbody>\n<tr>\n<td colspan=\"1\" headers=\"t116456_row_0col_0\" data-header=\"Finalidad del tratamiento\">Gestionar las consultas planteadas a trav\u00e9s del formulario de consulta<\/td>\n<td colspan=\"1\" headers=\"t116456_row_0col_1\" data-header=\"Base legal\">Inter\u00e9s leg\u00edtimo de \u201cAbogac\u00eda Extranjer\u00eda\u201d para atender a los requerimientos de informaci\u00f3n a trav\u00e9s de la Web.<\/td>\n<td colspan=\"1\" headers=\"t116456_row_0col_2\" data-header=\"Destinatarios\">Sus datos pueden ser cedidos a los terceros profesionales designados por &#8220;Abogac\u00eda Extranjer\u00eda&#8221; encargados de atender su solicitud de informaci\u00f3n.<\/p>\n<p>No acceder\u00e1n a sus datos personales prestadores de servicios adicionales de los indicados en el <a href=\"https:\/\/abogaciaextranjeria.es\/politica-de-privacidad\/\">apartado 3c<\/a>.<\/td>\n<td colspan=\"1\" headers=\"t116456_row_0col_4\" data-header=\"Plazo de conservaci\u00f3n\">Hasta la resoluci\u00f3n de su solicitud de informaci\u00f3n<\/td>\n<\/tr>\n<tr>\n<td colspan=\"1\" headers=\"t116456_row_0col_0\" data-header=\"Finalidad del tratamiento\">Gestionar su suscripci\u00f3n al Foro\/Blog de Abogac\u00eda Extranjer\u00eda identificada en el formulario de registro. Gestionar su registro y comentarios que facilite en el blog\/foro.<\/td>\n<td colspan=\"1\" headers=\"t116456_row_0col_1\" data-header=\"Base legal\">Relaci\u00f3n contractual para la prestaci\u00f3n del servicio solicitado, aun cuando el mismo tenga el car\u00e1cter de gratuito.<\/td>\n<td colspan=\"1\" headers=\"t116456_row_0col_2\" data-header=\"Destinatarios\">Las categor\u00edas de destinatarios que podr\u00e1n acceder a sus datos personales son los identificados en el <a href=\"https:\/\/abogaciaextranjeria.es\/politica-de-privacidad\/\">apartado 3.c<\/a>.<\/td>\n<td colspan=\"1\" headers=\"t116456_row_0col_4\" data-header=\"Plazo de conservaci\u00f3n\">Durante tres a\u00f1os desde la \u00faltima interacci\u00f3n con \u201cAbogac\u00eda Extranjer\u00eda\u201d o hasta que manifieste su voluntad de no continuar suscrito al foro\/ blog (lo que suceda antes)<\/td>\n<\/tr>\n<\/tbody>\n<\/table>\n<h3 id=\"5\" class=\"text_subtitle\">5. Ejercicio de sus derechos<\/h3>\n<p>Le informamos de que podr\u00e1 ejercer los siguientes derechos:<\/p>\n<ol style=\"list-style-type: lower-roman;\">\n<li>derecho de acceso a sus datos personales para saber cu\u00e1les est\u00e1n siendo objeto de tratamiento y las operaciones de tratamiento llevadas a cabo con ellos;<\/li>\n<li>derecho de rectificaci\u00f3n de cualquier dato personal inexacto;<\/li>\n<li>derecho de supresi\u00f3n de sus datos personales, cuando esto sea posible;<\/li>\n<li>derecho a solicitar la limitaci\u00f3n del tratamiento de sus datos personales cuando la exactitud, la legalidad o la necesidad del tratamiento de los datos resulte dudosa, en cuyo caso, podremos conservarlos para el ejercicio o la defensa de reclamaciones;<\/li>\n<li>derecho a la portabilidad de sus datos personales, cuando la base legal que nos habilite para su tratamiento de las indicadas en la tabla arriba incluida sea la relaci\u00f3n contractual o el consentimiento;<\/li>\n<li>derecho de oposici\u00f3n al tratamiento de sus datos personales, cuando la base legal que nos habilite para su tratamiento de las indicadas en la tabla arriba incluida sea el inter\u00e9s leg\u00edtimo. A estos efectos, dejaremos de tratar sus datos salvo que tengamos un inter\u00e9s leg\u00edtimo imperioso o para la formulaci\u00f3n, el ejercicio o la defensa de reclamaciones.<\/li>\n<li>derecho a revocar su consentimiento en cualquier momento.<\/li>\n<\/ol>\n<p>Podr\u00e1 ejercitar sus derechos en cualquier momento y de forma gratuita  mediante el <a href=\"\/politica-de-privacidad\/#9\">formulario de privacidad<\/a>. indicando el derecho que desea ejercitar y sus datos identificativos.<\/p>\n<p>Si considera que no hemos tratado sus datos personales adecuadamente puede contactar con nostros mediante el <a href=\"\/politica-de-privacidad\/#9\">formulario de privacidad<\/a>. No obstante, le informamos de que tiene derecho a presentar una reclamaci\u00f3n ante la Agencia Espa\u00f1ola de Protecci\u00f3n de Datos si considera que se ha cometido una infracci\u00f3n de la legislaci\u00f3n en materia de protecci\u00f3n de datos respecto al tratamiento de sus datos personales.<\/p>\n<h3 id=\"6\" class=\"text_subtitle\">6. Cookies<\/h3>\n<p>\u00fanicamente utilizar\u00e1 dispositivos de almacenamiento y recuperaci\u00f3n de datos (&#8216;Cookies&#8217;) cuando el usuario haya dado su consentimiento previo para ello de acuerdo con lo que se indica en la ventana emergente del navegador del usuario cuando accede por primera vez a la Web y en los dem\u00e1s t\u00e9rminos y condiciones que se indican en la <a href=\"https:\/\/abogaciaextranjeria.es\/uso-de-cookies\/\">Pol\u00edtica de Cookies<\/a> de  que todo usuario debe conocer.<\/p>\n<h3 id=\"7\" class=\"text_subtitle\">7. Medidas de seguridad<\/h3>\n<p>adopta los niveles de seguridad requeridos por el RGPD adecuados a la naturaleza de los datos que son objeto de tratamiento en cada momento. No obstante lo anterior, la seguridad t\u00e9cnica en un medio como Internet no es inexpugnable y pueden existir actuaciones dolosas de terceros, si bien Abogac\u00eda Extranjer\u00eda pone todos los medios a su alcance para evitar dichas actuaciones.<\/p>\n<h3 id=\"8\" class=\"text_subtitle\">8. Menores<\/h3>\n<p>Los menores de edad no podr\u00e1n usar los servicios disponibles a trav\u00e9s de la Web sin la previa autorizaci\u00f3n de sus padres, tutores o representantes legales, quienes ser\u00e1n los \u00fanicos responsables de todos los actos realizados a trav\u00e9s de la Web por los menores a su cargo, incluyendo la cumplimentaci\u00f3n de los formularios con los datos personales de dichos menores y la marcaci\u00f3n, en su caso, de las casillas que los acompa\u00f1an.<\/p>\n<h3 id=\"9\" class=\"text_subtitle\">9. Formulario para ejercer los derechos sobre la privacidad de los datos<\/h3>\n\n<div class=\"wpcf7 no-js\" id=\"wpcf7-f9605-o1\" lang=\"en-US\" dir=\"ltr\" data-wpcf7-id=\"9605\">\n<div class=\"screen-reader-response\"><p role=\"status\" aria-live=\"polite\" aria-atomic=\"true\"><\/p> <ul><\/ul><\/div>\n<form action=\"\/en\/wp-json\/wp\/v2\/pages\/9145#wpcf7-f9605-o1\" method=\"post\" class=\"wpcf7-form init\" aria-label=\"Contact form\" novalidate=\"novalidate\" data-status=\"init\">\n<fieldset class=\"hidden-fields-container\"><input type=\"hidden\" name=\"_wpcf7\" value=\"9605\" \/><input type=\"hidden\" name=\"_wpcf7_version\" value=\"6.1.5\" \/><input type=\"hidden\" name=\"_wpcf7_locale\" value=\"en_US\" \/><input type=\"hidden\" name=\"_wpcf7_unit_tag\" value=\"wpcf7-f9605-o1\" \/><input type=\"hidden\" name=\"_wpcf7_container_post\" value=\"0\" \/><input type=\"hidden\" name=\"_wpcf7_posted_data_hash\" value=\"\" \/>\n<\/fieldset>\n<p><label> E-mail<br \/>\n<span class=\"wpcf7-form-control-wrap\" data-name=\"your-email\"><input size=\"40\" maxlength=\"400\" class=\"wpcf7-form-control wpcf7-email wpcf7-validates-as-required wpcf7-text wpcf7-validates-as-email\" aria-required=\"true\" aria-invalid=\"false\" value=\"\" type=\"email\" name=\"your-email\" \/><\/span> <\/label>\n<\/p>\n<p><label> Your message<br \/>\n<span class=\"wpcf7-form-control-wrap\" data-name=\"your-message\"><textarea cols=\"40\" rows=\"10\" maxlength=\"2000\" class=\"wpcf7-form-control wpcf7-textarea\" aria-invalid=\"false\" name=\"your-message\"><\/textarea><\/span> <\/label>\n<\/p>\n<p><input class=\"wpcf7-form-control wpcf7-submit has-spinner\" type=\"submit\" value=\"Send\" \/>\n<\/p><input type=\"hidden\" id=\"ct_checkjs_cf7_dc5689792e08eb2e219dce49e64c885b\" name=\"ct_checkjs_cf7\" value=\"0\" \/><input\n                    class=\"apbct_special_field apbct_email_id__wp_contact_form_7\"\n                    name=\"apbct__email_id__wp_contact_form_7\"\n                    aria-label=\"apbct__label_id__wp_contact_form_7\"\n                    type=\"text\" size=\"30\" maxlength=\"200\" autocomplete=\"off\"\n                    value=\"\"\n                \/><p style=\"display: none !important;\" class=\"akismet-fields-container\" data-prefix=\"_wpcf7_ak_\"><label>&#916;<textarea name=\"_wpcf7_ak_hp_textarea\" cols=\"45\" rows=\"8\" maxlength=\"100\"><\/textarea><\/label><input type=\"hidden\" id=\"ak_js_1\" name=\"_wpcf7_ak_js\" value=\"129\"\/><script>document.getElementById( \"ak_js_1\" ).setAttribute( \"value\", ( new Date() ).getTime() );<\/script><\/p><div class=\"wpcf7-response-output\" aria-hidden=\"true\"><\/div>\n<\/form>\n<\/div>\n\n","protected":false},"excerpt":{"rendered":"<p>Identificaci\u00f3n y datos de contacto del Responsable Informaci\u00f3n necesaria y actualizada Informaci\u00f3n general: descripci\u00f3n de la informaci\u00f3n contenida en la pol\u00edtica de privacidad Informaci\u00f3n detallada de los tratamientos realizados por la Sociedad Ejercicio de sus derechos Cookies Medidas de seguridad Menores Formulario para ejercer los derechos sobre la privacidad de los datos 1. Identificaci\u00f3n y [&hellip;]<\/p>\n","protected":false},"author":2,"featured_media":0,"parent":0,"menu_order":0,"comment_status":"closed","ping_status":"closed","template":"","meta":{"footnotes":""},"wf_page_folders":[434],"class_list":["post-9145","page","type-page","status-publish","hentry"],"_links":{"self":[{"href":"https:\/\/abogaciaextranjeria.es\/en\/wp-json\/wp\/v2\/pages\/9145","targetHints":{"allow":["GET"]}}],"collection":[{"href":"https:\/\/abogaciaextranjeria.es\/en\/wp-json\/wp\/v2\/pages"}],"about":[{"href":"https:\/\/abogaciaextranjeria.es\/en\/wp-json\/wp\/v2\/types\/page"}],"author":[{"embeddable":true,"href":"https:\/\/abogaciaextranjeria.es\/en\/wp-json\/wp\/v2\/users\/2"}],"replies":[{"embeddable":true,"href":"https:\/\/abogaciaextranjeria.es\/en\/wp-json\/wp\/v2\/comments?post=9145"}],"version-history":[{"count":1,"href":"https:\/\/abogaciaextranjeria.es\/en\/wp-json\/wp\/v2\/pages\/9145\/revisions"}],"predecessor-version":[{"id":9775,"href":"https:\/\/abogaciaextranjeria.es\/en\/wp-json\/wp\/v2\/pages\/9145\/revisions\/9775"}],"wp:attachment":[{"href":"https:\/\/abogaciaextranjeria.es\/en\/wp-json\/wp\/v2\/media?parent=9145"}],"wp:term":[{"taxonomy":"wf_page_folders","embeddable":true,"href":"https:\/\/abogaciaextranjeria.es\/en\/wp-json\/wp\/v2\/wf_page_folders?post=9145"}],"curies":[{"name":"wp","href":"https:\/\/api.w.org\/{rel}","templated":true}]}}